{"id":19333,"date":"2021-03-17T00:04:59","date_gmt":"2021-03-17T00:04:59","guid":{"rendered":"http:\/\/nafarrola.com\/?page_id=19333"},"modified":"2021-03-22T21:35:42","modified_gmt":"2021-03-22T21:35:42","slug":"harrera","status":"publish","type":"page","link":"https:\/\/nafarrola.com\/es\/","title":{"rendered":"Inicio"},"content":{"rendered":"<p>[vc_row css_animation=\u00bb\u00bb row_type=\u00bbrow\u00bb use_row_as_full_screen_section=\u00bbno\u00bb type=\u00bbgrid\u00bb angled_section=\u00bbno\u00bb text_align=\u00bbleft\u00bb background_image_as_pattern=\u00bbwithout_pattern\u00bb z_index=\u00bb\u00bb padding_bottom=\u00bb50&#8243; css=\u00bb.vc_custom_1615848991040{margin-right: 0px !important;margin-left: 0px !important;padding-right: 0px !important;padding-left: 0px !important;}\u00bb][vc_column]\n\t\t\t<!-- START Homeslider REVOLUTION SLIDER 6.3.3 --><p class=\"rs-p-wp-fix\"><\/p>\n\t\t\t<rs-module-wrap id=\"rev_slider_2_3_wrapper\" data-source=\"gallery\" style=\"background:transparent;padding:0;margin:0px auto;margin-top:0;margin-bottom:0;\">\n\t\t\t\t<rs-module id=\"rev_slider_2_3\" style=\"\" data-version=\"6.3.3\">\n\t\t\t\t\t<rs-slides>\n\t\t\t\t\t\t<rs-slide data-key=\"rs-2\" data-title=\"Slide\" data-thumb=\"\/\/nafarrola.com\/wp-content\/uploads\/2021\/01\/Nafarrola_1_1-50x100.jpg\" data-anim=\"ei:d;eo:d;s:1000;r:0;t:fade;sl:0;\">\n\t\t\t\t\t\t\t<img src=\"\/\/nafarrola.com\/wp-content\/uploads\/2021\/01\/Nafarrola_1_1.jpg\" title=\"Nafarrola_1_1\" width=\"1920\" height=\"1122\" data-parallax=\"6\" class=\"rev-slidebg\" data-no-retina>\n<!--\n\t\t\t\t\t\t\t--><a\n\t\t\t\t\t\t\t\tid=\"slider-2-slide-2-layer-1\" \n\t\t\t\t\t\t\t\tclass=\"rs-layer rev-btn\"\n\t\t\t\t\t\t\t\thref=\"http:\/\/nafarrola.com\/esentzia\" target=\"_self\"\n\t\t\t\t\t\t\t\tdata-type=\"button\"\n\t\t\t\t\t\t\t\tdata-xy=\"x:c;xo:11px,16px,2px,9px;y:m;yo:-17px,11px,-24px,-19px;\"\n\t\t\t\t\t\t\t\tdata-text=\"w:normal;s:31,27,25,15;l:59,60,67,55;ls:7,7,7,5;\"\n\t\t\t\t\t\t\t\tdata-dim=\"minh:0,none,none,none;\"\n\t\t\t\t\t\t\t\tdata-rsp_o=\"off\"\n\t\t\t\t\t\t\t\tdata-rsp_bd=\"off\"\n\t\t\t\t\t\t\t\tdata-padding=\"t:15,25,24,20;r:44,60,43,42;b:15,25,24,20;l:44,60,43,42;\"\n\t\t\t\t\t\t\t\tdata-border=\"bos:solid;boc:#ffffff;bow:2px,2px,2px,2px;bor:1px,1px,1px,1px;\"\n\t\t\t\t\t\t\t\tdata-frame_0=\"y:75px,76px,84px,67px;\"\n\t\t\t\t\t\t\t\tdata-frame_1=\"y:-1px,0px,0px,0px;e:power1.out;st:900;sp:500;\"\n\t\t\t\t\t\t\t\tdata-frame_999=\"o:0;e:power1.out;st:w;\"\n\t\t\t\t\t\t\t\tdata-frame_hover=\"bgc:rgba(0,0,0,0);boc:rgba(255,255,255,0.75);bor:0px,0px,0px,0px;bos:solid;bow:1px,1px,1px,1px;e:power1.inOut;\"\n\t\t\t\t\t\t\t\tstyle=\"z-index:11;background-color:rgba(0,0,0,0);font-family:Roboto Mono;\"\n\t\t\t\t\t\t\t>ESENTZIA DASTATU \n\t\t\t\t\t\t\t<\/a><!--\n-->\t\t\t\t\t\t<\/rs-slide>\n\t\t\t\t\t\t<rs-slide data-key=\"rs-4\" data-title=\"Slide\" data-thumb=\"\/\/nafarrola.com\/wp-content\/uploads\/2021\/01\/Nafarrola_2-50x100.jpg\" data-anim=\"ei:d;eo:d;s:1000;r:0;t:fade;sl:0;\">\n\t\t\t\t\t\t\t<img src=\"\/\/nafarrola.com\/wp-content\/uploads\/2021\/01\/Nafarrola_2.jpg\" title=\"Nafarrola_2\" width=\"1920\" height=\"1122\" data-parallax=\"6\" class=\"rev-slidebg\" data-no-retina>\n<!--\n\t\t\t\t\t\t\t--><a\n\t\t\t\t\t\t\t\tid=\"slider-2-slide-4-layer-4\" \n\t\t\t\t\t\t\t\tclass=\"rs-layer rev-btn\"\n\t\t\t\t\t\t\t\thref=\"http:\/\/nafarrola.com\/baserria\" target=\"_self\"\n\t\t\t\t\t\t\t\tdata-type=\"button\"\n\t\t\t\t\t\t\t\tdata-xy=\"x:c;xo:11px,16px,2px,9px;y:m;yo:-17px,11px,-24px,-19px;\"\n\t\t\t\t\t\t\t\tdata-text=\"w:normal;s:31,27,25,15;l:59,60,67,55;ls:7,7,7,5;\"\n\t\t\t\t\t\t\t\tdata-dim=\"minh:0,none,none,none;\"\n\t\t\t\t\t\t\t\tdata-rsp_o=\"off\"\n\t\t\t\t\t\t\t\tdata-rsp_bd=\"off\"\n\t\t\t\t\t\t\t\tdata-padding=\"t:15,25,24,20;r:44,60,43,42;b:15,25,24,20;l:44,60,43,42;\"\n\t\t\t\t\t\t\t\tdata-border=\"bos:solid;boc:#ffffff;bow:2px,2px,2px,2px;bor:1px,1px,1px,1px;\"\n\t\t\t\t\t\t\t\tdata-frame_0=\"y:75px,76px,84px,67px;\"\n\t\t\t\t\t\t\t\tdata-frame_1=\"y:-1px,0px,0px,0px;e:power1.out;st:900;sp:500;\"\n\t\t\t\t\t\t\t\tdata-frame_999=\"o:0;e:power1.out;st:w;\"\n\t\t\t\t\t\t\t\tdata-frame_hover=\"bgc:rgba(0,0,0,0);boc:rgba(255,255,255,0.75);bor:0px,0px,0px,0px;bos:solid;bow:1px,1px,1px,1px;e:power1.inOut;\"\n\t\t\t\t\t\t\t\tstyle=\"z-index:11;background-color:rgba(0,0,0,0);font-family:Roboto Mono;\"\n\t\t\t\t\t\t\t>BASERRIAN MURGILDU \n\t\t\t\t\t\t\t<\/a><!--\n-->\t\t\t\t\t\t<\/rs-slide>\n\t\t\t\t\t<\/rs-slides>\n\t\t\t\t<\/rs-module>\n\t\t\t\t<script type=\"text\/javascript\">\n\t\t\t\t\tsetREVStartSize({c: 'rev_slider_2_3',rl:[1240,1024,778,480],el:[700,600,480,400],gw:[1240,1024,778,480],gh:[700,600,480,400],type:'standard',justify:'',layout:'fullwidth',mh:\"0\"});\n\t\t\t\t\tvar\trevapi2,\n\t\t\t\t\t\ttpj;\n\t\t\t\t\tfunction revinit_revslider23() {\n\t\t\t\t\tjQuery(function() {\n\t\t\t\t\t\ttpj = jQuery;\n\t\t\t\t\t\trevapi2 = tpj(\"#rev_slider_2_3\");\n\t\t\t\t\t\tif(revapi2==undefined || revapi2.revolution == undefined){\n\t\t\t\t\t\t\trevslider_showDoubleJqueryError(\"rev_slider_2_3\");\n\t\t\t\t\t\t}else{\n\t\t\t\t\t\t\trevapi2.revolution({\n\t\t\t\t\t\t\t\tsliderLayout:\"fullwidth\",\n\t\t\t\t\t\t\t\tduration:\"4000ms\",\n\t\t\t\t\t\t\t\tvisibilityLevels:\"1240,1024,778,480\",\n\t\t\t\t\t\t\t\tgridwidth:\"1240,1024,778,480\",\n\t\t\t\t\t\t\t\tgridheight:\"700,600,480,400\",\n\t\t\t\t\t\t\t\tautoHeight:true,\n\t\t\t\t\t\t\t\tenableUpscaling:true,\n\t\t\t\t\t\t\t\tperspective:600,\n\t\t\t\t\t\t\t\tperspectiveType:\"global\",\n\t\t\t\t\t\t\t\tkeepBPHeight:true,\n\t\t\t\t\t\t\t\teditorheight:\"700,600,480,400\",\n\t\t\t\t\t\t\t\tresponsiveLevels:\"1240,1024,778,480\",\n\t\t\t\t\t\t\t\tprogressBar:{disableProgressBar:true},\n\t\t\t\t\t\t\t\tnavigation: {\n\t\t\t\t\t\t\t\t\twheelCallDelay:1000,\n\t\t\t\t\t\t\t\t\tonHoverStop:false,\n\t\t\t\t\t\t\t\t\tarrows: {\n\t\t\t\t\t\t\t\t\t\tenable:true,\n\t\t\t\t\t\t\t\t\t\ttmp:\"<div class=\\\"tp-title-wrap\\\">  \t<div class=\\\"tp-arr-imgholder\\\"><\/div> <\/div>\",\n\t\t\t\t\t\t\t\t\t\tstyle:\"zeus\",\n\t\t\t\t\t\t\t\t\t\thide_onmobile:true,\n\t\t\t\t\t\t\t\t\t\thide_under:\"1025px\",\n\t\t\t\t\t\t\t\t\t\tleft: {\n\t\t\t\t\t\t\t\t\t\t\th_offset:30\n\t\t\t\t\t\t\t\t\t\t},\n\t\t\t\t\t\t\t\t\t\tright: {\n\t\t\t\t\t\t\t\t\t\t\th_offset:30\n\t\t\t\t\t\t\t\t\t\t}\n\t\t\t\t\t\t\t\t\t},\n\t\t\t\t\t\t\t\t\tbullets: {\n\t\t\t\t\t\t\t\t\t\tenable:true,\n\t\t\t\t\t\t\t\t\t\ttmp:\"\",\n\t\t\t\t\t\t\t\t\t\tstyle:\"bridge_pagination\",\n\t\t\t\t\t\t\t\t\t\thide_over:\"1025px\",\n\t\t\t\t\t\t\t\t\t\tspace:20\n\t\t\t\t\t\t\t\t\t}\n\t\t\t\t\t\t\t\t},\n\t\t\t\t\t\t\t\tparallax: {\n\t\t\t\t\t\t\t\t\tlevels:[5,10,15,20,25,30,35,40,45,46,47,48,49,50,51,30],\n\t\t\t\t\t\t\t\t\ttype:\"scroll\",\n\t\t\t\t\t\t\t\t\torigo:\"slidercenter\",\n\t\t\t\t\t\t\t\t\tspeed:0\n\t\t\t\t\t\t\t\t},\n\t\t\t\t\t\t\t\tfallbacks: {\n\t\t\t\t\t\t\t\t\tallowHTML5AutoPlayOnAndroid:true\n\t\t\t\t\t\t\t\t},\n\t\t\t\t\t\t\t});\n\t\t\t\t\t\t}\n\t\t\t\t\t\t\n\t\t\t\t\t});\n\t\t\t\t\t} \/\/ End of RevInitScript\n\t\t\t\tvar once_revslider23 = false;\n\t\t\t\tif (document.readyState === \"loading\") {document.addEventListener('readystatechange',function() { if((document.readyState === \"interactive\" || document.readyState === \"complete\") && !once_revslider23 ) { once_revslider23 = true; revinit_revslider23();}});} else {once_revslider23 = true; revinit_revslider23();}\n\t\t\t\t<\/script>\n\t\t\t\t<script>\n\t\t\t\t\tvar htmlDivCss = unescape(\"%23rev_slider_2_3_wrapper%20.zeus.tparrows%20%7B%0A%20%20cursor%3Apointer%3B%0A%20%20min-width%3A90px%3B%0A%20%20min-height%3A90px%3B%0A%20%20position%3Aabsolute%3B%0A%20%20display%3Ablock%3B%0A%20%20z-index%3A1000%3B%0A%20%20border-radius%3A50%25%3B%20%20%20%0A%20%20overflow%3Ahidden%3B%0A%20%20background%3Argba%280%2C0%2C0%2C0.1%29%3B%0A%7D%0A%0A%23rev_slider_2_3_wrapper%20.zeus.tparrows%3Abefore%20%7B%0A%20%20font-family%3A%20%27revicons%27%3B%0A%20%20font-size%3A20px%3B%0A%20%20color%3A%23ffffff%3B%0A%20%20display%3Ablock%3B%0A%20%20line-height%3A%2090px%3B%0A%20%20text-align%3A%20center%3B%20%20%20%20%0A%20%20z-index%3A2%3B%0A%20%20position%3Arelative%3B%0A%7D%0A%23rev_slider_2_3_wrapper%20.zeus.tparrows.tp-leftarrow%3Abefore%20%7B%0A%20%20content%3A%20%27%5Ce824%27%3B%0A%7D%0A%23rev_slider_2_3_wrapper%20.zeus.tparrows.tp-rightarrow%3Abefore%20%7B%0A%20%20content%3A%20%27%5Ce825%27%3B%0A%7D%0A%0A%23rev_slider_2_3_wrapper%20.zeus%20.tp-title-wrap%20%7B%0A%20%20background%3Argba%280%2C0%2C0%2C0.5%29%3B%0A%20%20width%3A100%25%3B%0A%20%20height%3A100%25%3B%0A%20%20top%3A0px%3B%0A%20%20left%3A0px%3B%0A%20%20position%3Aabsolute%3B%0A%20%20opacity%3A0%3B%0A%20%20transform%3Ascale%280%29%3B%0A%20%20-webkit-transform%3Ascale%280%29%3B%0A%20%20%20transition%3A%20all%200.3s%3B%0A%20%20-webkit-transition%3Aall%200.3s%3B%0A%20%20-moz-transition%3Aall%200.3s%3B%0A%20%20%20border-radius%3A50%25%3B%0A%20%7D%0A%23rev_slider_2_3_wrapper%20.zeus%20.tp-arr-imgholder%20%7B%0A%20%20width%3A100%25%3B%0A%20%20height%3A100%25%3B%0A%20%20position%3Aabsolute%3B%0A%20%20top%3A0px%3B%0A%20%20left%3A0px%3B%0A%20%20background-position%3Acenter%20center%3B%0A%20%20background-size%3Acover%3B%0A%20%20border-radius%3A50%25%3B%0A%20%20transform%3Atranslatex%28-100%25%29%3B%0A%20%20-webkit-transform%3Atranslatex%28-100%25%29%3B%0A%20%20%20transition%3A%20all%200.3s%3B%0A%20%20-webkit-transition%3Aall%200.3s%3B%0A%20%20-moz-transition%3Aall%200.3s%3B%0A%0A%20%7D%0A%23rev_slider_2_3_wrapper%20.zeus.tp-rightarrow%20.tp-arr-imgholder%20%7B%0A%20%20%20%20transform%3Atranslatex%28100%25%29%3B%0A%20%20-webkit-transform%3Atranslatex%28100%25%29%3B%0A%20%20%20%20%20%20%7D%0A%23rev_slider_2_3_wrapper%20.zeus.tparrows%3Ahover%20.tp-arr-imgholder%20%7B%0A%20%20transform%3Atranslatex%280%29%3B%0A%20%20-webkit-transform%3Atranslatex%280%29%3B%0A%20%20opacity%3A1%3B%0A%7D%0A%20%20%20%20%20%20%0A%23rev_slider_2_3_wrapper%20.zeus.tparrows%3Ahover%20.tp-title-wrap%20%7B%0A%20%20transform%3Ascale%281%29%3B%0A%20%20-webkit-transform%3Ascale%281%29%3B%0A%20%20opacity%3A1%3B%0A%7D%0A%20%0A.bridge_pagination%20.tp-bullet%20%7B%0A%20%20%20%20width%3A%2010px%3B%0A%20%20%20%20height%3A%2010px%3B%0A%20%20%20%20border-radius%3A%2050%25%3B%0A%20%20%20%20background-color%3A%20%23fff%3B%0A%20%20%20%20transition%3A%20background-color%200.3s%20ease%3B%0A%7D%0A%0A.bridge_pagination%20.tp-bullet%3Ahover%2C%20%0A.bridge_pagination%20.tp-bullet.selected%20%7B%0A%20%20%20%20background-color%3A%20rgba%28255%2C255%2C255%2C0.7%29%3B%0A%7D%0A\");\n\t\t\t\t\tvar htmlDiv = document.getElementById('rs-plugin-settings-inline-css');\n\t\t\t\t\tif(htmlDiv) {\n\t\t\t\t\t\thtmlDiv.innerHTML = htmlDiv.innerHTML + htmlDivCss;\n\t\t\t\t\t}else{\n\t\t\t\t\t\tvar htmlDiv = document.createElement('div');\n\t\t\t\t\t\thtmlDiv.innerHTML = '<style>' + htmlDivCss + '<\/style>';\n\t\t\t\t\t\tdocument.getElementsByTagName('head')[0].appendChild(htmlDiv.childNodes[0]);\n\t\t\t\t\t}\n\t\t\t\t<\/script>\n\t\t\t\t<script>\n\t\t\t\t\tvar htmlDivCss = unescape(\"%0A%0A%0A%0A\");\n\t\t\t\t\tvar htmlDiv = document.getElementById('rs-plugin-settings-inline-css');\n\t\t\t\t\tif(htmlDiv) {\n\t\t\t\t\t\thtmlDiv.innerHTML = htmlDiv.innerHTML + htmlDivCss;\n\t\t\t\t\t}else{\n\t\t\t\t\t\tvar htmlDiv = document.createElement('div');\n\t\t\t\t\t\thtmlDiv.innerHTML = '<style>' + htmlDivCss + '<\/style>';\n\t\t\t\t\t\tdocument.getElementsByTagName('head')[0].appendChild(htmlDiv.childNodes[0]);\n\t\t\t\t\t}\n\t\t\t\t<\/script>\n\t\t\t<\/rs-module-wrap>\n\t\t\t<!-- END REVOLUTION SLIDER -->\n[\/vc_column][\/vc_row][vc_row css_animation=\u00bb\u00bb row_type=\u00bbrow\u00bb use_row_as_full_screen_section=\u00bbno\u00bb type=\u00bbfull_width\u00bb angled_section=\u00bbno\u00bb text_align=\u00bbcenter\u00bb background_image_as_pattern=\u00bbwithout_pattern\u00bb z_index=\u00bb\u00bb][vc_column][vc_empty_space height=\u00bb20&#8243;][vc_column_text]<\/p>\n<h5>ongi etorri bermeoko eko-baserrira<\/h5>\n<p>[\/vc_column_text][vc_empty_space height=\u00bb10px\u00bb][vc_column_text]<\/p>\n<h2>ongi etorri nafarrolara<\/h2>\n<p>[\/vc_column_text][vc_empty_space height=\u00bb20px\u00bb][vc_column_text]<\/p>\n<p class=\"p1\">Nafarrola es un caser\u00edo de m\u00e1s de 450 a\u00f1os construido con enormes robles y piedras locales. Ubicado en el barrio de Artike , el barrio rural donde se encontraban los molinos harineros antiguamente. El caser\u00edo, ha sido testigo del cambio de la tierra y la forma de vida all\u00ed.<\/p>\n<p>[\/vc_column_text][\/vc_column][\/vc_row][vc_row css_animation=\u00bb\u00bb row_type=\u00bbrow\u00bb use_row_as_full_screen_section=\u00bbno\u00bb type=\u00bbfull_width\u00bb angled_section=\u00bbno\u00bb text_align=\u00bbcenter\u00bb background_image_as_pattern=\u00bbwithout_pattern\u00bb z_index=\u00bb\u00bb][vc_column][vc_empty_space height=\u00bb60px\u00bb]\n<div class='latest_post_holder boxes three_columns one_row' >\n    <ul>\n    \n        <li class=\"clearfix\">\n            <div class=\"boxes_image\">\n                                <a itemprop=\"url\" href=\"https:\/\/nafarrola.com\/es\/hiritik-baserrira\"><img width=\"800\" height=\"600\" src=\"https:\/\/nafarrola.com\/wp-content\/uploads\/2020\/12\/lukije-800x600.jpg\" class=\"attachment-portfolio-landscape size-portfolio-landscape wp-post-image\" alt=\"\" loading=\"lazy\" \/><\/a>\n            <\/div>\n            <div class=\"latest_post\"  >\n                <div class=\"latest_post_text\">\n                    <div class=\"latest_post_inner\">\n                        <div class=\"latest_post_text_inner\">\n                            <h5 itemprop=\"name\" class=\"latest_post_title entry_title\"><a itemprop=\"url\" href=\"https:\/\/nafarrola.com\/es\/hiritik-baserrira\">De la ciudad a lo rural<\/a><\/h5>\n                            <p class=\"excerpt\">\"Aquellos que contemplan la belleza de la tierra encuentran reservas de fuerza que perdurar\u00e1n mientras dure la vida\". Rachel Carson...<\/p>\n                            <span class=\"post_infos\">\n                                                                                                \n                                \n                                                            <\/span>\n                        <\/div>\n                    <\/div>\n                <\/div>\n            <\/div>\n        <\/li>\n    \n        <li class=\"clearfix\">\n            <div class=\"boxes_image\">\n                                <a itemprop=\"url\" href=\"https:\/\/nafarrola.com\/es\/greenery\"><img width=\"800\" height=\"600\" src=\"https:\/\/nafarrola.com\/wp-content\/uploads\/2019\/10\/web-sost-2-800x600.jpg\" class=\"attachment-portfolio-landscape size-portfolio-landscape wp-post-image\" alt=\"\" loading=\"lazy\" \/><\/a>\n            <\/div>\n            <div class=\"latest_post\"  >\n                <div class=\"latest_post_text\">\n                    <div class=\"latest_post_inner\">\n                        <div class=\"latest_post_text_inner\">\n                            <h5 itemprop=\"name\" class=\"latest_post_title entry_title\"><a itemprop=\"url\" href=\"https:\/\/nafarrola.com\/es\/greenery\">\u00bfQue es una p\u00e1gina web sostenible?<\/a><\/h5>\n                            <p class=\"excerpt\">Nuestro primer desaf\u00edo ha sido crear un pagina web sostenible....<\/p>\n                            <span class=\"post_infos\">\n                                                                                                \n                                \n                                                            <\/span>\n                        <\/div>\n                    <\/div>\n                <\/div>\n            <\/div>\n        <\/li>\n    \n        <li class=\"clearfix\">\n            <div class=\"boxes_image\">\n                                <a itemprop=\"url\" href=\"https:\/\/nafarrola.com\/es\/dome\"><img width=\"800\" height=\"600\" src=\"https:\/\/nafarrola.com\/wp-content\/uploads\/2019\/11\/etxetxoa-800x600.jpg\" class=\"attachment-portfolio-landscape size-portfolio-landscape wp-post-image\" alt=\"\" loading=\"lazy\" \/><\/a>\n            <\/div>\n            <div class=\"latest_post\"  >\n                <div class=\"latest_post_text\">\n                    <div class=\"latest_post_inner\">\n                        <div class=\"latest_post_text_inner\">\n                            <h5 itemprop=\"name\" class=\"latest_post_title entry_title\"><a itemprop=\"url\" href=\"https:\/\/nafarrola.com\/es\/dome\">Construyendo mi casa circular<\/a><\/h5>\n                            <p class=\"excerpt\">\"El que hace, se equivoca, mucho, muchas veces, pero jam\u00e1s comete el m\u00e1s grande de los errores: no hacer nada\"...<\/p>\n                            <span class=\"post_infos\">\n                                                                                                \n                                \n                                                            <\/span>\n                        <\/div>\n                    <\/div>\n                <\/div>\n            <\/div>\n        <\/li>\n        <\/ul>\n<\/div>[\/vc_column][\/vc_row]<\/p>","protected":false},"excerpt":{"rendered":"<p>[vc_row css_animation=\u00bb\u00bb row_type=\u00bbrow\u00bb use_row_as_full_screen_section=\u00bbno\u00bb type=\u00bbgrid\u00bb angled_section=\u00bbno\u00bb text_align=\u00bbleft\u00bb background_image_as_pattern=\u00bbwithout_pattern\u00bb z_index=\u00bb\u00bb padding_bottom=\u00bb50&#8243; css=\u00bb.vc_custom_1615848991040{margin-right: 0px !important;margin-left: 0px !important;padding-right: 0px !important;padding-left: 0px !important;}\u00bb][vc_column][\/vc_column][\/vc_row][vc_row css_animation=\u00bb\u00bb row_type=\u00bbrow\u00bb use_row_as_full_screen_section=\u00bbno\u00bb type=\u00bbfull_width\u00bb angled_section=\u00bbno\u00bb text_align=\u00bbcenter\u00bb background_image_as_pattern=\u00bbwithout_pattern\u00bb z_index=\u00bb\u00bb][vc_column][vc_empty_space height=\u00bb20&#8243;][vc_column_text] ongi etorri bermeoko eko-baserrira [\/vc_column_text][vc_empty_space height=\u00bb10px\u00bb][vc_column_text] ongi etorri nafarrolara [\/vc_column_text][vc_empty_space height=\u00bb20px\u00bb][vc_column_text] Nafarrola es un caser\u00edo de m\u00e1s&#8230;<\/p>\n","protected":false},"author":1,"featured_media":0,"parent":0,"menu_order":0,"comment_status":"open","ping_status":"closed","template":"","meta":[],"_links":{"self":[{"href":"https:\/\/nafarrola.com\/es\/wp-json\/wp\/v2\/pages\/19333"}],"collection":[{"href":"https:\/\/nafarrola.com\/es\/wp-json\/wp\/v2\/pages"}],"about":[{"href":"https:\/\/nafarrola.com\/es\/wp-json\/wp\/v2\/types\/page"}],"author":[{"embeddable":true,"href":"https:\/\/nafarrola.com\/es\/wp-json\/wp\/v2\/users\/1"}],"replies":[{"embeddable":true,"href":"https:\/\/nafarrola.com\/es\/wp-json\/wp\/v2\/comments?post=19333"}],"version-history":[{"count":17,"href":"https:\/\/nafarrola.com\/es\/wp-json\/wp\/v2\/pages\/19333\/revisions"}],"predecessor-version":[{"id":19424,"href":"https:\/\/nafarrola.com\/es\/wp-json\/wp\/v2\/pages\/19333\/revisions\/19424"}],"wp:attachment":[{"href":"https:\/\/nafarrola.com\/es\/wp-json\/wp\/v2\/media?parent=19333"}],"curies":[{"name":"wp","href":"https:\/\/api.w.org\/{rel}","templated":true}]}}