{"id":19268,"date":"2021-03-16T19:55:30","date_gmt":"2021-03-16T19:55:30","guid":{"rendered":"http:\/\/nafarrola.com\/?page_id=19268"},"modified":"2021-03-22T21:37:31","modified_gmt":"2021-03-22T21:37:31","slug":"baserria","status":"publish","type":"page","link":"https:\/\/nafarrola.com\/es\/baserria","title":{"rendered":"Baserria"},"content":{"rendered":"<p>[vc_row css_animation=\u00bb\u00bb row_type=\u00bbrow\u00bb use_row_as_full_screen_section=\u00bbno\u00bb type=\u00bbgrid\u00bb angled_section=\u00bbno\u00bb text_align=\u00bbleft\u00bb background_image_as_pattern=\u00bbwithout_pattern\u00bb z_index=\u00bb\u00bb padding_bottom=\u00bb50&#8243; css=\u00bb.vc_custom_1615848991040{margin-right: 0px !important;margin-left: 0px !important;padding-right: 0px !important;padding-left: 0px !important;}\u00bb][vc_column][vc_single_image image=\u00bb18685&#8243; img_size=\u00bbfull\u00bb alignment=\u00bbcenter\u00bb qode_css_animation=\u00bb\u00bb][\/vc_column][\/vc_row][vc_row css_animation=\u00bb\u00bb row_type=\u00bbrow\u00bb use_row_as_full_screen_section=\u00bbno\u00bb type=\u00bbfull_width\u00bb angled_section=\u00bbno\u00bb text_align=\u00bbleft\u00bb background_image_as_pattern=\u00bbwithout_pattern\u00bb][vc_column width=\u00bb1\/2&#8243;][vc_column_text]<\/p>\n<p class=\"p1\"><b>NAFARROLAGOIKOA, CASERIO DE PIEDRA CONSTRUIDA POR Y PARA GENERACIONES <\/b><\/p>\n<p class=\"p3\">Nafarrola es un caser\u00edo de m\u00e1s de 450 a\u00f1os construido con enormes robles y piedras locales. Ubicado en el barrio de\u00a0 Artike, el barrio rural donde se encontraban los molinos harineros antiguamente. El caser\u00edo, ha sido testigo del cambio de la tierra y la forma de vida all\u00ed.<\/p>\n<p class=\"p3\">Un baserri es patrimonio de la vida rural vasca. Fue un edificio gigante innovador hecho para durar generaciones que vale la pena revitalizar<\/p>\n<p>[\/vc_column_text][\/vc_column][vc_column width=\u00bb1\/2&#8243;][vc_single_image image=\u00bb18697&#8243; img_size=\u00bbfull\u00bb alignment=\u00bbcenter\u00bb qode_css_animation=\u00bb\u00bb][\/vc_column][\/vc_row][vc_row css_animation=\u00bb\u00bb row_type=\u00bbrow\u00bb use_row_as_full_screen_section=\u00bbno\u00bb type=\u00bbfull_width\u00bb angled_section=\u00bbno\u00bb text_align=\u00bbleft\u00bb background_image_as_pattern=\u00bbwithout_pattern\u00bb z_index=\u00bb\u00bb background_image=\u00bb19070&#8243;][vc_column css=\u00bb.vc_custom_1615925028987{padding-top: 50px !important;padding-bottom: 50px !important;}\u00bb][vc_column_text]<img loading=\"lazy\" class=\" wp-image-18703 alignleft\" src=\"http:\/\/nafarrola.com\/wp-content\/uploads\/2021\/01\/baserri_ilustrazioa-300x277.png\" alt=\"\" width=\"363\" height=\"325\" \/><\/p>\n<h5><\/h5>\n<h5><\/h5>\n<p class=\"p1\"><b>La historia de NAFARROLA<\/b><\/p>\n<p class=\"p3\">El nombre Nafarrola se menciona por primera vez en 1285. Parece que al principio, solo hab\u00eda una finca en este valle llamada Nafarrola. El nombre proviene de NAFAR (derivado de Navarra) + ola (casa de campo o lugar). Ahora hay tres edificios que se llaman Nafarrola, y nuestra casa es la que est\u00e1 en lo alto del cerro. De ah\u00ed que se le llame Nafarrolagoikoa (nafarrola de arriba).<\/p>\n<p>[\/vc_column_text][\/vc_column][\/vc_row][vc_row css_animation=\u00bb\u00bb row_type=\u00bbrow\u00bb use_row_as_full_screen_section=\u00bbno\u00bb type=\u00bbfull_width\u00bb angled_section=\u00bbno\u00bb text_align=\u00bbleft\u00bb background_image_as_pattern=\u00bbwithout_pattern\u00bb z_index=\u00bb\u00bb][vc_column width=\u00bb1\/2&#8243;][vc_column_text]<\/p>\n<p class=\"p1\"><b>CONSTRUYENDO LA ARQUITECTURA SOCIAL<\/b><\/p>\n<p class=\"p3\">Esta antigua casa ha sido el hogar de muchas familias y animales durante siglos. Todav\u00eda se pueden encontrar recuerdos de la vida de los antiguos habitantes del lugar. Siendo algunas muy antiguos. Por ejemplo, unas fotos muy antiguas con personas que no conoc\u00eda en ella: \u00bfqui\u00e9nes eran?<\/p>\n<p class=\"p3\">Despu\u00e9s de preguntar entre familiares y amigos, finalmente logr\u00e9 encontrar el hilo conector de estas fotos. Una mujer relacionada con las personas que all\u00ed aparec\u00edan. Muy conocida por ser una buena modista y profesora de costura en el pueblo de Bermeo.<\/p>\n<p class=\"p3\">Hablando con ella sobre Nafarrola me explic\u00f3 que hace 70 a\u00f1os sol\u00eda pasar sus veranos en el baserri. Lo mismo que yo hice hace 20 a\u00f1os.<\/p>\n<p>[\/vc_column_text][\/vc_column][vc_column width=\u00bb1\/2&#8243;][vc_single_image image=\u00bb18721&#8243; img_size=\u00bbfull\u00bb alignment=\u00bbcenter\u00bb qode_css_animation=\u00bb\u00bb][\/vc_column][\/vc_row]<\/p>","protected":false},"excerpt":{"rendered":"<p>[vc_row css_animation=\u00bb\u00bb row_type=\u00bbrow\u00bb use_row_as_full_screen_section=\u00bbno\u00bb type=\u00bbgrid\u00bb angled_section=\u00bbno\u00bb text_align=\u00bbleft\u00bb background_image_as_pattern=\u00bbwithout_pattern\u00bb z_index=\u00bb\u00bb padding_bottom=\u00bb50&#8243; css=\u00bb.vc_custom_1615848991040{margin-right: 0px !important;margin-left: 0px !important;padding-right: 0px !important;padding-left: 0px !important;}\u00bb][vc_column][vc_single_image image=\u00bb18685&#8243; img_size=\u00bbfull\u00bb alignment=\u00bbcenter\u00bb qode_css_animation=\u00bb\u00bb][\/vc_column][\/vc_row][vc_row css_animation=\u00bb\u00bb row_type=\u00bbrow\u00bb use_row_as_full_screen_section=\u00bbno\u00bb type=\u00bbfull_width\u00bb angled_section=\u00bbno\u00bb text_align=\u00bbleft\u00bb background_image_as_pattern=\u00bbwithout_pattern\u00bb][vc_column width=\u00bb1\/2&#8243;][vc_column_text] NAFARROLAGOIKOA, CASERIO DE PIEDRA CONSTRUIDA POR Y PARA GENERACIONES Nafarrola es un caser\u00edo de&#8230;<\/p>\n","protected":false},"author":1,"featured_media":0,"parent":0,"menu_order":0,"comment_status":"open","ping_status":"closed","template":"","meta":[],"_links":{"self":[{"href":"https:\/\/nafarrola.com\/es\/wp-json\/wp\/v2\/pages\/19268"}],"collection":[{"href":"https:\/\/nafarrola.com\/es\/wp-json\/wp\/v2\/pages"}],"about":[{"href":"https:\/\/nafarrola.com\/es\/wp-json\/wp\/v2\/types\/page"}],"author":[{"embeddable":true,"href":"https:\/\/nafarrola.com\/es\/wp-json\/wp\/v2\/users\/1"}],"replies":[{"embeddable":true,"href":"https:\/\/nafarrola.com\/es\/wp-json\/wp\/v2\/comments?post=19268"}],"version-history":[{"count":16,"href":"https:\/\/nafarrola.com\/es\/wp-json\/wp\/v2\/pages\/19268\/revisions"}],"predecessor-version":[{"id":19425,"href":"https:\/\/nafarrola.com\/es\/wp-json\/wp\/v2\/pages\/19268\/revisions\/19425"}],"wp:attachment":[{"href":"https:\/\/nafarrola.com\/es\/wp-json\/wp\/v2\/media?parent=19268"}],"curies":[{"name":"wp","href":"https:\/\/api.w.org\/{rel}","templated":true}]}}